{"id":30200,"date":"2026-01-02T10:19:14","date_gmt":"2026-01-02T07:19:14","guid":{"rendered":"https:\/\/kullanatcarsi.com\/?post_type=product&#038;p=30200"},"modified":"2026-01-30T13:47:48","modified_gmt":"2026-01-30T10:47:48","slug":"kraft-karton-salata-kasesi-550cc","status":"publish","type":"product","link":"https:\/\/kullanatcarsi.com\/en\/product\/kraft-karton-salata-kasesi-550cc\/","title":{"rendered":"Kraft Karton Salata Kasesi 500cc"},"content":{"rendered":"<div class=\"elementor-element elementor-element-987346c elementor-widget elementor-widget-heading\">\n<div class=\"elementor-widget-container\">\n<div class=\"elementor-element elementor-element-987346c elementor-widget elementor-widget-heading\">\n<div class=\"elementor-widget-container\">\n<p>500 cc hacimli\u00a0tek kullan\u0131ml\u0131k, kraft karton g\u0131da kab\u0131d\u0131r.<\/p>\n<p><strong>Salata kasesi ve kapa\u011f\u0131 ile birlikte\u00a0sat\u0131lmaktad\u0131r.<\/strong><\/p>\n<p><strong>Kraft 500 cc\u00a0<\/strong>and\u00a0<strong>So\u011fuk Yemek Kapa\u011f\u0131<\/strong>\u00a0olarak\u00a0<strong>sat\u0131lmaktad\u0131r.<\/strong><\/p>\n<p>Dilerseniz salata, meze gibi so\u011fuk\u00a0dilerseniz de makarna, et gibi s\u0131cak yemeklerinizin paket servisinde kullanabilirsiniz.<\/p>\n<p>Restoran, catering ve kafelerin paket servis ve sunumlar\u0131nda kullanabilecekleri y\u00fcksek kalitede, s\u0131zd\u0131rmaz kapa\u011f\u0131 olan, hijyenik salata kab\u0131d\u0131r.<\/p>\n<\/div>\n<\/div>\n<\/div>\n<\/div>","protected":false},"excerpt":{"rendered":"<p>500 cc hacimli\u00a0tek kullan\u0131ml\u0131k, kraft karton g\u0131da kab\u0131d\u0131r. Salata kasesi ve kapa\u011f\u0131 ile birlikte\u00a0sat\u0131lmaktad\u0131r. Kraft 500 cc\u00a0ve\u00a0So\u011fuk Yemek Kapa\u011f\u0131\u00a0olarak\u00a0sat\u0131lmaktad\u0131r. Dilerseniz<\/p>","protected":false},"featured_media":29846,"comment_status":"open","ping_status":"closed","template":"","meta":{"_joinchat":[]},"product_brand":[137],"product_cat":[101,76],"product_tag":[182,185,192,135,110,184,186,190,179,193,181,189,191,188,187,180,183],"class_list":{"0":"post-30200","1":"product","2":"type-product","3":"status-publish","4":"has-post-thumbnail","6":"product_brand-irmak-ambalaj","7":"product_cat-karton-kaseler","8":"product_cat-karton-kutular","9":"product_tag-cevre-dostu-salata-kasesi-550cc","10":"product_tag-craft-salad-bowl","11":"product_tag-ekolojik-gida-kabi","12":"product_tag-karton-kaseler","13":"product_tag-karton-kutular","14":"product_tag-karton-salata-kasesi","15":"product_tag-kraft-cups","16":"product_tag-kraft-gida-kabi","17":"product_tag-kraft-karton-salata-kasesi-550cc","18":"product_tag-kraft-karton-salata-kasesi-550cc-soguk-pet-kapakli","19":"product_tag-kraft-salata-kasesi-550cc","20":"product_tag-kraft-yemek-kabi","21":"product_tag-makarna-kabi","22":"product_tag-salata-kabi","23":"product_tag-salata-kasesi","24":"product_tag-salata-kasesi-550cc","25":"product_tag-tek-kullanimlik-kraft-salata-kasesi-550cc","26":"tm-has-styled-variations","27":"tm-variations-only","29":"first","30":"instock","31":"taxable","32":"shipping-taxable","33":"purchasable","34":"product-type-variable","35":"has-default-attributes"},"_links":{"self":[{"href":"https:\/\/kullanatcarsi.com\/en\/wp-json\/wp\/v2\/product\/30200","targetHints":{"allow":["GET"]}}],"collection":[{"href":"https:\/\/kullanatcarsi.com\/en\/wp-json\/wp\/v2\/product"}],"about":[{"href":"https:\/\/kullanatcarsi.com\/en\/wp-json\/wp\/v2\/types\/product"}],"replies":[{"embeddable":true,"href":"https:\/\/kullanatcarsi.com\/en\/wp-json\/wp\/v2\/comments?post=30200"}],"version-history":[{"count":0,"href":"https:\/\/kullanatcarsi.com\/en\/wp-json\/wp\/v2\/product\/30200\/revisions"}],"wp:featuredmedia":[{"embeddable":true,"href":"https:\/\/kullanatcarsi.com\/en\/wp-json\/wp\/v2\/media\/29846"}],"wp:attachment":[{"href":"https:\/\/kullanatcarsi.com\/en\/wp-json\/wp\/v2\/media?parent=30200"}],"wp:term":[{"taxonomy":"product_brand","embeddable":true,"href":"https:\/\/kullanatcarsi.com\/en\/wp-json\/wp\/v2\/product_brand?post=30200"},{"taxonomy":"product_cat","embeddable":true,"href":"https:\/\/kullanatcarsi.com\/en\/wp-json\/wp\/v2\/product_cat?post=30200"},{"taxonomy":"product_tag","embeddable":true,"href":"https:\/\/kullanatcarsi.com\/en\/wp-json\/wp\/v2\/product_tag?post=30200"}],"curies":[{"name":"wp","href":"https:\/\/api.w.org\/{rel}","templated":true}]}}